{"id":64,"date":"2023-10-27T20:29:37","date_gmt":"2023-10-27T23:29:37","guid":{"rendered":"https:\/\/www.ajornadadoprotagonista.com.br\/?page_id=64"},"modified":"2023-10-27T20:29:37","modified_gmt":"2023-10-27T23:29:37","slug":"quatro-opcoes-de-cursos-para-voce-mudar-de-vida","status":"publish","type":"page","link":"https:\/\/www.ajornadadoprotagonista.com.br\/?page_id=64","title":{"rendered":"Quatro op\u00e7\u00f5es de cursos para voc\u00ea mudar de vida"},"content":{"rendered":"\n<h1 class=\"wp-block-heading\">Quatro op\u00e7\u00f5es de cursos para voc\u00ea mudar de vida<\/h1>\n\n\n\n<figure class=\"wp-block-image size-large\"><img  title=\"\" loading=\"lazy\" decoding=\"async\" width=\"683\" height=\"1024\" src=\"https:\/\/www.ajornadadoprotagonista.com.br\/wp-content\/uploads\/2023\/10\/AJornadaDoProtagonista800x1200-683x1024.png\"  alt=\"AJornadaDoProtagonista800x1200-683x1024 Quatro op\u00e7\u00f5es de cursos para voc\u00ea mudar de vida\"  class=\"wp-image-31\" srcset=\"https:\/\/www.ajornadadoprotagonista.com.br\/wp-content\/uploads\/2023\/10\/AJornadaDoProtagonista800x1200-683x1024.png 683w, https:\/\/www.ajornadadoprotagonista.com.br\/wp-content\/uploads\/2023\/10\/AJornadaDoProtagonista800x1200-200x300.png 200w, https:\/\/www.ajornadadoprotagonista.com.br\/wp-content\/uploads\/2023\/10\/AJornadaDoProtagonista800x1200-768x1152.png 768w, https:\/\/www.ajornadadoprotagonista.com.br\/wp-content\/uploads\/2023\/10\/AJornadaDoProtagonista800x1200.png 800w\" sizes=\"auto, (max-width: 683px) 100vw, 683px\" \/><\/figure>\n\n\n\n<p>Neste artigo oferecemos quatro op\u00e7\u00f5es de cursos para quem deseja uma forma\u00e7\u00e3o profissional, sendo que em duas delas \u00e9 poss\u00edvel trabalhar de casa, via Home Office.<\/p>\n\n\n\n<h2 class=\"wp-block-heading\">Curso de Forma\u00e7\u00e3o em Personal Organizer<\/h2>\n\n\n\n<p>A demanda por Personal Organizers tem crescido devido \u00e0 complexidade do cotidiano moderno, onde manter uma rotina organizada pode ser um desafio\u200b\u200b. Al\u00e9m disso, trabalhar como Personal Organizer oferece a oportunidade de alcan\u00e7ar liberdade financeira e satisfa\u00e7\u00e3o pessoal ao melhorar a qualidade de vida de outras pessoas e empresas\u200b\u200b. A profiss\u00e3o de Personal Organizer tem ganhado destaque por sua capacidade de trazer ordem e otimizar o tempo em diversos ambientes, sejam eles residenciais ou corporativos. Esses profissionais auxiliam na organiza\u00e7\u00e3o de espa\u00e7os f\u00edsicos e digitais, permitindo que os clientes dediquem-se a suas paix\u00f5es com mais tranquilidade e efic\u00e1cia\u200b.<\/p>\n\n\n\n<p>No curso &#8220;Curso de Forma\u00e7\u00e3o em Personal Organizer&#8221; oferecido pela VemCaOrganizar, os alunos aprendem a monetizar a profiss\u00e3o que est\u00e1 em crescimento no Brasil, recebendo orienta\u00e7\u00f5es pr\u00e1ticas e te\u00f3ricas sobre organiza\u00e7\u00e3o, relacionamento com clientes, marketing digital e tradicional, entre outros t\u00f3picos relevantes\u200b\u200b. O curso \u00e9 estruturado em 9 m\u00f3dulos sequenciais que abrangem desde t\u00e9cnicas de organiza\u00e7\u00e3o de ambientes at\u00e9 a manuten\u00e7\u00e3o de uma mente organizada, proporcionando um aprendizado abrangente para atuar profissionalmente na \u00e1rea\u200b.<\/p>\n\n\n\n<p>Os Personal Organizers s\u00e3o vistos como especialistas em solucionar desordens, elevando a produtividade e o bem-estar em lares e ambientes de trabalho. Com a tend\u00eancia de moradias menores, a expertise desses profissionais torna-se cada vez mais valorizada no mercado\u200b\u200b. Este crescimento reflete a crescente valoriza\u00e7\u00e3o da organiza\u00e7\u00e3o eficaz como uma ferramenta para melhorar a qualidade de vida e a efici\u00eancia no ambiente contempor\u00e2neo.<\/p>\n\n\n\n<figure class=\"wp-block-image size-full\"><a href=\"https:\/\/go.hotmart.com\/P87816733M\" target=\"_blank\" rel=\"noreferrer noopener\"><img  title=\"\" loading=\"lazy\" decoding=\"async\" width=\"907\" height=\"567\" src=\"https:\/\/www.ajornadadoprotagonista.com.br\/wp-content\/uploads\/2023\/10\/Curso-de-Personal-Organizer.jpg\"  alt=\"Curso-de-Personal-Organizer Quatro op\u00e7\u00f5es de cursos para voc\u00ea mudar de vida\"  class=\"wp-image-67\" srcset=\"https:\/\/www.ajornadadoprotagonista.com.br\/wp-content\/uploads\/2023\/10\/Curso-de-Personal-Organizer.jpg 907w, https:\/\/www.ajornadadoprotagonista.com.br\/wp-content\/uploads\/2023\/10\/Curso-de-Personal-Organizer-300x188.jpg 300w, https:\/\/www.ajornadadoprotagonista.com.br\/wp-content\/uploads\/2023\/10\/Curso-de-Personal-Organizer-768x480.jpg 768w\" sizes=\"auto, (max-width: 907px) 100vw, 907px\" \/><\/a><\/figure>\n\n\n\n<p>Clique na imagem acima ou no link <a href=\"https:\/\/go.hotmart.com\/P87816733M\" target=\"_blank\" rel=\"noreferrer noopener sponsored nofollow\">aqui<\/a> para saber mais.<\/p>\n\n\n\n<h2 class=\"wp-block-heading\">Curso Completo de Tar\u00f4 &#8211; Arcanos Maiores e Menores<\/h2>\n\n\n\n<p>O curso completo de Tar\u00f4 oferecido proporciona um aprendizado abrangente sobre a leitura de Tar\u00f4, mesmo para quem est\u00e1 come\u00e7ando do zero. O curso \u00e9 totalmente em v\u00eddeo, com aulas pr\u00e1ticas e exerc\u00edcios, e oferece acesso vital\u00edcio aos alunos, al\u00e9m de um certificado ao final\u200b. O conte\u00fado program\u00e1tico inclui o estudo dos 22 Arcanos Maiores e 56 Arcanos Menores, a hist\u00f3ria do Tar\u00f4, limites entre Carma e Livre-arb\u00edtrio, diferentes planos e m\u00e9todos de leitura, entre outros t\u00f3picos relevantes para a pr\u00e1tica da leitura de Tar\u00f4\u200b\u200b. O curso \u00e9 ministrado por Emanuel Velasque, um Tar\u00f3logo e Practitioner em Programa\u00e7\u00e3o Neurolingu\u00edstica, que compartilha seus m\u00e9todos aplicados em suas leituras\u200b\u200b. O curso \u00e9 adequado tanto para iniciantes quanto para tar\u00f3logos j\u00e1 atuantes que desejam reciclar ou aprofundar seus conhecimentos\u200b.<\/p>\n\n\n\n<p>Vale lembrar que as consultas de Tar\u00f4 podem ser feitas online, em aplicativos de v\u00eddeo-chamada como o Skype, Google Meeting e semelhantes.<\/p>\n\n\n\n<figure class=\"wp-block-image size-large\"><a href=\"https:\/\/go.hotmart.com\/L87946655F\" target=\"_blank\" rel=\"noreferrer noopener\"><img  title=\"\" loading=\"lazy\" decoding=\"async\" width=\"1024\" height=\"536\" src=\"https:\/\/www.ajornadadoprotagonista.com.br\/wp-content\/uploads\/2023\/10\/83139a30-3449-4bd6-853b-9be1020cbe68-1024x536.jpg\"  alt=\"83139a30-3449-4bd6-853b-9be1020cbe68-1024x536 Quatro op\u00e7\u00f5es de cursos para voc\u00ea mudar de vida\"  class=\"wp-image-68\" srcset=\"https:\/\/www.ajornadadoprotagonista.com.br\/wp-content\/uploads\/2023\/10\/83139a30-3449-4bd6-853b-9be1020cbe68-1024x536.jpg 1024w, https:\/\/www.ajornadadoprotagonista.com.br\/wp-content\/uploads\/2023\/10\/83139a30-3449-4bd6-853b-9be1020cbe68-300x157.jpg 300w, https:\/\/www.ajornadadoprotagonista.com.br\/wp-content\/uploads\/2023\/10\/83139a30-3449-4bd6-853b-9be1020cbe68-768x402.jpg 768w, https:\/\/www.ajornadadoprotagonista.com.br\/wp-content\/uploads\/2023\/10\/83139a30-3449-4bd6-853b-9be1020cbe68.jpg 1200w\" sizes=\"auto, (max-width: 1024px) 100vw, 1024px\" \/><\/a><\/figure>\n\n\n\n<p>Clique na imagem acima ou no link <a href=\"https:\/\/go.hotmart.com\/L87946655F\" target=\"_blank\" rel=\"noreferrer noopener sponsored nofollow\">aqui<\/a> para saber mais.<\/p>\n\n\n\n<h2 class=\"wp-block-heading\">Forma\u00e7\u00e3o em Terapeuta Qu\u00e2ntico<\/h2>\n\n\n\n<p>A profiss\u00e3o de terapeuta qu\u00e2ntico \u00e9 voltada para auxiliar indiv\u00edduos a reconectarem-se com seu prop\u00f3sito de vida, quebrando paradigmas internos e usufruindo dos benef\u00edcios da terapia qu\u00e2ntica tanto para si quanto para aqueles ao seu redor\u200b\u200b. O curso de forma\u00e7\u00e3o em terapeuta qu\u00e2ntico engloba t\u00f3picos como expans\u00e3o de consci\u00eancia, arqu\u00e9tipos, dimens\u00f5es, cren\u00e7as limitantes, e outros que buscam promover o autoconhecimento e a harmonia em v\u00e1rios aspectos da vida dos indiv\u00edduos\u200b. A forma\u00e7\u00e3o \u00e9 reconhecida pela Associa\u00e7\u00e3o dos Terapeutas Hol\u00edsticos e registrada na Biblioteca Nacional, proporcionando credibilidade \u00e0 forma\u00e7\u00e3o\u200b\u200b.<\/p>\n\n\n\n<figure class=\"wp-block-image size-full\"><a href=\"https:\/\/go.hotmart.com\/N87946978V\" target=\"_blank\" rel=\"noreferrer noopener\"><img  title=\"\" loading=\"lazy\" decoding=\"async\" width=\"940\" height=\"788\" src=\"https:\/\/www.ajornadadoprotagonista.com.br\/wp-content\/uploads\/2023\/10\/Terapquantico.png\"  alt=\"Terapquantico Quatro op\u00e7\u00f5es de cursos para voc\u00ea mudar de vida\"  class=\"wp-image-69\" srcset=\"https:\/\/www.ajornadadoprotagonista.com.br\/wp-content\/uploads\/2023\/10\/Terapquantico.png 940w, https:\/\/www.ajornadadoprotagonista.com.br\/wp-content\/uploads\/2023\/10\/Terapquantico-300x251.png 300w, https:\/\/www.ajornadadoprotagonista.com.br\/wp-content\/uploads\/2023\/10\/Terapquantico-768x644.png 768w\" sizes=\"auto, (max-width: 940px) 100vw, 940px\" \/><\/a><\/figure>\n\n\n\n<p>Clique na imagem acima ou no link <a href=\"https:\/\/go.hotmart.com\/N87946978V\" target=\"_blank\" rel=\"noreferrer noopener\">aqui<\/a> para saber mais.<\/p>\n\n\n\n<h2 class=\"wp-block-heading\">M\u00e9todo Shopee Lucrativo<\/h2>\n\n\n\n<p>O curso &#8220;M\u00e9todo Shopee Lucrativo&#8221; oferecido por Prisciane Pereira \u00e9 voltado para indiv\u00edduos que desejam aprender a monetizar suas atividades na plataforma Shopee, seja para quem j\u00e1 tem experi\u00eancia no mercado digital ou para quem est\u00e1 iniciando. O curso proporciona um m\u00e9todo para ganhar dinheiro online. O conte\u00fado program\u00e1tico inclui diversos m\u00f3dulos que abordam v\u00e1rias estrat\u00e9gias e t\u00e9cnicas para otimizar as vendas na Shopee, al\u00e9m de b\u00f4nus exclusivos que agregam valor ao aprendizado do aluno\u200b.<\/p>\n\n\n\n<figure class=\"wp-block-image size-full\"><a href=\"https:\/\/kiwify.app\/CKgkzBN?afid=nq9pFehk\" target=\"_blank\" rel=\"noreferrer noopener\"><img  title=\"\" loading=\"lazy\" decoding=\"async\" width=\"886\" height=\"789\" src=\"https:\/\/www.ajornadadoprotagonista.com.br\/wp-content\/uploads\/2023\/10\/Screenshot_20231027_201036.png\"  alt=\"Screenshot_20231027_201036 Quatro op\u00e7\u00f5es de cursos para voc\u00ea mudar de vida\"  class=\"wp-image-70\" srcset=\"https:\/\/www.ajornadadoprotagonista.com.br\/wp-content\/uploads\/2023\/10\/Screenshot_20231027_201036.png 886w, https:\/\/www.ajornadadoprotagonista.com.br\/wp-content\/uploads\/2023\/10\/Screenshot_20231027_201036-300x267.png 300w, https:\/\/www.ajornadadoprotagonista.com.br\/wp-content\/uploads\/2023\/10\/Screenshot_20231027_201036-768x684.png 768w\" sizes=\"auto, (max-width: 886px) 100vw, 886px\" \/><\/a><\/figure>\n\n\n\n<p>Clique na imagem acima ou no link <a href=\"https:\/\/kiwify.app\/CKgkzBN?afid=nq9pFehk\" target=\"_blank\" rel=\"noreferrer noopener sponsored nofollow\">aqui<\/a> para saber mais.<\/p>\n\n\n\n<h2 class=\"wp-block-heading\">Conclus\u00f5es<\/h2>\n\n\n\n<p>Neste artigo vimos que a Revolu\u00e7\u00e3o Digital propiciou a cria\u00e7\u00e3o de novas profiss\u00f5es e tamb\u00e9m novas formas de se exercer profiss\u00f5es j\u00e1 existentes. \u00c9 poss\u00edvel ganhar dinheiro ajudando as pessoas e sem abrir m\u00e3o de Espiritualidade e de pr\u00e1ticas ancestrais, como o Tar\u00f4. Continue nos acompanhando neste novo <a href=\"https:\/\/www.ajornadadoprotagonista.com.br\">site<\/a>, na nossa p\u00e1gina do Facebook, e em nosso Instagram <a href=\"https:\/\/www.instagram.com\/ajornadadoprotagonista\/\" target=\"_blank\" rel=\"noreferrer noopener\">@ajornadadoprotagonista<\/a>.<\/p>\n\n\n\n<h2 class=\"wp-block-heading\">Produtos Patrocinados<\/h2>\n\n\n\n<figure class=\"wp-block-image size-full is-resized\"><a href=\"https:\/\/www.amazon.com.br\/Apple-iPhone-15-128-GB\/dp\/B0CHXLC666\/ref=cs_sr_dp_5?__mk_pt_BR=%EF%BF%BDM%EF%BF%BD%7D%EF%BF%BD%EF%BF%BD&amp;keywords=iphone+15&amp;refinements=p_89%3AApple&amp;rnid=18120432011&amp;s=electronics&amp;sr=1-1&amp;ufe=app_do%3Aamzn1.fos.95de73c3-5dda-43a7-bd1f-63af03b14751&amp;_encoding=UTF8&amp;tag=gomesdevanaly-20&amp;linkCode=ur2&amp;linkId=ea4d88521f6e8a2a691396f176b68996&amp;camp=1789&amp;creative=9325(abrir em uma nova aba)amazon.com.br\/Apple-iPhone-15-128-GB\/dp\/B0CHXLC666\/ref=cs_sr_dp_5?__mk_pt_BR=%EF%BF%BDM%EF%BF%BD%7D%EF%BF%BD%EF%BF%BD&amp;keywords=iphone+15&amp;refinements=p_89%3AApple&amp;rnid=18120432011&amp;s=electronics&amp;sr=1-1&amp;ufe=app_do%3Aamzn1.fos.95de73c3-5dda-43a7-bd1f-63af03b14751&amp;_encoding=UTF8&amp;tag=gomesdevanaly-20&amp;linkCode=ur2&amp;linkId=ea4d88521f6e8a2a691396f176b68996&amp;camp=1789&amp;creative=9325\" target=\"_blank\" rel=\"noreferrer noopener\"><img  title=\"\" loading=\"lazy\" decoding=\"async\" width=\"496\" height=\"648\" src=\"https:\/\/www.ajornadadoprotagonista.com.br\/wp-content\/uploads\/2023\/10\/iphone15_128GB.jpg\"  alt=\"iphone15_128GB Quatro op\u00e7\u00f5es de cursos para voc\u00ea mudar de vida\"  class=\"wp-image-72\" style=\"aspect-ratio:0.7654320987654321;width:152px;height:auto\" srcset=\"https:\/\/www.ajornadadoprotagonista.com.br\/wp-content\/uploads\/2023\/10\/iphone15_128GB.jpg 496w, https:\/\/www.ajornadadoprotagonista.com.br\/wp-content\/uploads\/2023\/10\/iphone15_128GB-230x300.jpg 230w\" sizes=\"auto, (max-width: 496px) 100vw, 496px\" \/><\/a><\/figure>\n\n\n\n<p><a href=\"https:\/\/www.amazon.com.br\/Apple-iPhone-15-128-GB\/dp\/B0CHXLC666\/ref=cs_sr_dp_5?__mk_pt_BR=%25EF%25BF%25BDM%25EF%25BF%25BD%257D%25EF%25BF%25BD%25EF%25BF%25BD&amp;keywords=iphone+15&amp;refinements=p_89%253AApple&amp;rnid=18120432011&amp;s=electronics&amp;sr=1-1&amp;ufe=app_do%253Aamzn1.fos.95de73c3-5dda-43a7-bd1f-63af03b14751&amp;_encoding=UTF8&amp;tag=gomesdevanaly-20&amp;linkCode=ur2&amp;linkId=ea4d88521f6e8a2a691396f176b68996&amp;camp=1789&amp;creative=9325\" target=\"_blank\" rel=\"noreferrer noopener sponsored nofollow\">IPhone 15 128GB<\/a><\/p>\n","protected":false},"excerpt":{"rendered":"<p>Quatro op\u00e7\u00f5es de cursos para voc\u00ea mudar de vida Neste artigo oferecemos quatro op\u00e7\u00f5es de cursos para quem deseja uma forma\u00e7\u00e3o profissional, sendo que em duas delas \u00e9 poss\u00edvel trabalhar de casa, via Home Office. Curso de Forma\u00e7\u00e3o em Personal Organizer A demanda por Personal Organizers tem crescido devido \u00e0 complexidade do cotidiano moderno, onde [&hellip;]<\/p>\n","protected":false},"author":1,"featured_media":0,"parent":0,"menu_order":0,"comment_status":"closed","ping_status":"closed","template":"template-parts\/template-page-full-width.php","meta":{"footnotes":""},"class_list":["post-64","page","type-page","status-publish","hentry"],"yoast_head":"<!-- This site is optimized with the Yoast SEO plugin v21.5 - https:\/\/yoast.com\/wordpress\/plugins\/seo\/ -->\n<title>Quatro op\u00e7\u00f5es de cursos para voc\u00ea mudar de vida - A Jornada do Protagonista<\/title>\n<meta name=\"description\" content=\"Neste artigo oferecemos quatro op\u00e7\u00f5es de cursos para quem deseja uma forma\u00e7\u00e3o profissional, duas delas Home Office.\" \/>\n<meta name=\"robots\" content=\"index, follow, max-snippet:-1, max-image-preview:large, max-video-preview:-1\" \/>\n<link rel=\"canonical\" href=\"https:\/\/www.ajornadadoprotagonista.com.br\/?page_id=64\" \/>\n<meta property=\"og:locale\" content=\"pt_BR\" \/>\n<meta property=\"og:type\" content=\"article\" \/>\n<meta property=\"og:title\" content=\"Quatro op\u00e7\u00f5es de cursos para voc\u00ea mudar de vida - A Jornada do Protagonista\" \/>\n<meta property=\"og:description\" content=\"Neste artigo oferecemos quatro op\u00e7\u00f5es de cursos para quem deseja uma forma\u00e7\u00e3o profissional, duas delas Home Office.\" \/>\n<meta property=\"og:url\" content=\"https:\/\/www.ajornadadoprotagonista.com.br\/?page_id=64\" \/>\n<meta property=\"og:site_name\" content=\"A Jornada do Protagonista\" \/>\n<meta property=\"og:image\" content=\"https:\/\/www.ajornadadoprotagonista.com.br\/wp-content\/uploads\/2023\/10\/AJornadaDoProtagonista800x1200-683x1024.png\" \/>\n<meta name=\"twitter:card\" content=\"summary_large_image\" \/>\n<meta name=\"twitter:label1\" content=\"Est. tempo de leitura\" \/>\n\t<meta name=\"twitter:data1\" content=\"6 minutos\" \/>\n<script type=\"application\/ld+json\" class=\"yoast-schema-graph\">{\"@context\":\"https:\/\/schema.org\",\"@graph\":[{\"@type\":\"WebPage\",\"@id\":\"https:\/\/www.ajornadadoprotagonista.com.br\/?page_id=64\",\"url\":\"https:\/\/www.ajornadadoprotagonista.com.br\/?page_id=64\",\"name\":\"Quatro op\u00e7\u00f5es de cursos para voc\u00ea mudar de vida - A Jornada do Protagonista\",\"isPartOf\":{\"@id\":\"https:\/\/www.ajornadadoprotagonista.com.br\/#website\"},\"datePublished\":\"2023-10-27T23:29:37+00:00\",\"dateModified\":\"2023-10-27T23:29:37+00:00\",\"description\":\"Neste artigo oferecemos quatro op\u00e7\u00f5es de cursos para quem deseja uma forma\u00e7\u00e3o profissional, duas delas Home Office.\",\"breadcrumb\":{\"@id\":\"https:\/\/www.ajornadadoprotagonista.com.br\/?page_id=64#breadcrumb\"},\"inLanguage\":\"pt-BR\",\"potentialAction\":[{\"@type\":\"ReadAction\",\"target\":[\"https:\/\/www.ajornadadoprotagonista.com.br\/?page_id=64\"]}]},{\"@type\":\"BreadcrumbList\",\"@id\":\"https:\/\/www.ajornadadoprotagonista.com.br\/?page_id=64#breadcrumb\",\"itemListElement\":[{\"@type\":\"ListItem\",\"position\":1,\"name\":\"In\u00edcio\",\"item\":\"https:\/\/www.ajornadadoprotagonista.com.br\/\"},{\"@type\":\"ListItem\",\"position\":2,\"name\":\"Quatro op\u00e7\u00f5es de cursos para voc\u00ea mudar de vida\"}]},{\"@type\":\"WebSite\",\"@id\":\"https:\/\/www.ajornadadoprotagonista.com.br\/#website\",\"url\":\"https:\/\/www.ajornadadoprotagonista.com.br\/\",\"name\":\"A Jornada do Protagonista\",\"description\":\"\",\"publisher\":{\"@id\":\"https:\/\/www.ajornadadoprotagonista.com.br\/#organization\"},\"potentialAction\":[{\"@type\":\"SearchAction\",\"target\":{\"@type\":\"EntryPoint\",\"urlTemplate\":\"https:\/\/www.ajornadadoprotagonista.com.br\/?s={search_term_string}\"},\"query-input\":\"required name=search_term_string\"}],\"inLanguage\":\"pt-BR\"},{\"@type\":\"Organization\",\"@id\":\"https:\/\/www.ajornadadoprotagonista.com.br\/#organization\",\"name\":\"A Jornada do Protagonista\",\"url\":\"https:\/\/www.ajornadadoprotagonista.com.br\/\",\"logo\":{\"@type\":\"ImageObject\",\"inLanguage\":\"pt-BR\",\"@id\":\"https:\/\/www.ajornadadoprotagonista.com.br\/#\/schema\/logo\/image\/\",\"url\":\"https:\/\/www.ajornadadoprotagonista.com.br\/wp-content\/uploads\/2023\/10\/cropped-favicon.webp\",\"contentUrl\":\"https:\/\/www.ajornadadoprotagonista.com.br\/wp-content\/uploads\/2023\/10\/cropped-favicon.webp\",\"width\":512,\"height\":512,\"caption\":\"A Jornada do Protagonista\"},\"image\":{\"@id\":\"https:\/\/www.ajornadadoprotagonista.com.br\/#\/schema\/logo\/image\/\"}}]}<\/script>\n<!-- \/ Yoast SEO plugin. -->","yoast_head_json":{"title":"Quatro op\u00e7\u00f5es de cursos para voc\u00ea mudar de vida - A Jornada do Protagonista","description":"Neste artigo oferecemos quatro op\u00e7\u00f5es de cursos para quem deseja uma forma\u00e7\u00e3o profissional, duas delas Home Office.","robots":{"index":"index","follow":"follow","max-snippet":"max-snippet:-1","max-image-preview":"max-image-preview:large","max-video-preview":"max-video-preview:-1"},"canonical":"https:\/\/www.ajornadadoprotagonista.com.br\/?page_id=64","og_locale":"pt_BR","og_type":"article","og_title":"Quatro op\u00e7\u00f5es de cursos para voc\u00ea mudar de vida - A Jornada do Protagonista","og_description":"Neste artigo oferecemos quatro op\u00e7\u00f5es de cursos para quem deseja uma forma\u00e7\u00e3o profissional, duas delas Home Office.","og_url":"https:\/\/www.ajornadadoprotagonista.com.br\/?page_id=64","og_site_name":"A Jornada do Protagonista","og_image":[{"url":"https:\/\/www.ajornadadoprotagonista.com.br\/wp-content\/uploads\/2023\/10\/AJornadaDoProtagonista800x1200-683x1024.png"}],"twitter_card":"summary_large_image","twitter_misc":{"Est. tempo de leitura":"6 minutos"},"schema":{"@context":"https:\/\/schema.org","@graph":[{"@type":"WebPage","@id":"https:\/\/www.ajornadadoprotagonista.com.br\/?page_id=64","url":"https:\/\/www.ajornadadoprotagonista.com.br\/?page_id=64","name":"Quatro op\u00e7\u00f5es de cursos para voc\u00ea mudar de vida - A Jornada do Protagonista","isPartOf":{"@id":"https:\/\/www.ajornadadoprotagonista.com.br\/#website"},"datePublished":"2023-10-27T23:29:37+00:00","dateModified":"2023-10-27T23:29:37+00:00","description":"Neste artigo oferecemos quatro op\u00e7\u00f5es de cursos para quem deseja uma forma\u00e7\u00e3o profissional, duas delas Home Office.","breadcrumb":{"@id":"https:\/\/www.ajornadadoprotagonista.com.br\/?page_id=64#breadcrumb"},"inLanguage":"pt-BR","potentialAction":[{"@type":"ReadAction","target":["https:\/\/www.ajornadadoprotagonista.com.br\/?page_id=64"]}]},{"@type":"BreadcrumbList","@id":"https:\/\/www.ajornadadoprotagonista.com.br\/?page_id=64#breadcrumb","itemListElement":[{"@type":"ListItem","position":1,"name":"In\u00edcio","item":"https:\/\/www.ajornadadoprotagonista.com.br\/"},{"@type":"ListItem","position":2,"name":"Quatro op\u00e7\u00f5es de cursos para voc\u00ea mudar de vida"}]},{"@type":"WebSite","@id":"https:\/\/www.ajornadadoprotagonista.com.br\/#website","url":"https:\/\/www.ajornadadoprotagonista.com.br\/","name":"A Jornada do Protagonista","description":"","publisher":{"@id":"https:\/\/www.ajornadadoprotagonista.com.br\/#organization"},"potentialAction":[{"@type":"SearchAction","target":{"@type":"EntryPoint","urlTemplate":"https:\/\/www.ajornadadoprotagonista.com.br\/?s={search_term_string}"},"query-input":"required name=search_term_string"}],"inLanguage":"pt-BR"},{"@type":"Organization","@id":"https:\/\/www.ajornadadoprotagonista.com.br\/#organization","name":"A Jornada do Protagonista","url":"https:\/\/www.ajornadadoprotagonista.com.br\/","logo":{"@type":"ImageObject","inLanguage":"pt-BR","@id":"https:\/\/www.ajornadadoprotagonista.com.br\/#\/schema\/logo\/image\/","url":"https:\/\/www.ajornadadoprotagonista.com.br\/wp-content\/uploads\/2023\/10\/cropped-favicon.webp","contentUrl":"https:\/\/www.ajornadadoprotagonista.com.br\/wp-content\/uploads\/2023\/10\/cropped-favicon.webp","width":512,"height":512,"caption":"A Jornada do Protagonista"},"image":{"@id":"https:\/\/www.ajornadadoprotagonista.com.br\/#\/schema\/logo\/image\/"}}]}},"_links":{"self":[{"href":"https:\/\/www.ajornadadoprotagonista.com.br\/index.php?rest_route=\/wp\/v2\/pages\/64","targetHints":{"allow":["GET"]}}],"collection":[{"href":"https:\/\/www.ajornadadoprotagonista.com.br\/index.php?rest_route=\/wp\/v2\/pages"}],"about":[{"href":"https:\/\/www.ajornadadoprotagonista.com.br\/index.php?rest_route=\/wp\/v2\/types\/page"}],"author":[{"embeddable":true,"href":"https:\/\/www.ajornadadoprotagonista.com.br\/index.php?rest_route=\/wp\/v2\/users\/1"}],"replies":[{"embeddable":true,"href":"https:\/\/www.ajornadadoprotagonista.com.br\/index.php?rest_route=%2Fwp%2Fv2%2Fcomments&post=64"}],"version-history":[{"count":8,"href":"https:\/\/www.ajornadadoprotagonista.com.br\/index.php?rest_route=\/wp\/v2\/pages\/64\/revisions"}],"predecessor-version":[{"id":93,"href":"https:\/\/www.ajornadadoprotagonista.com.br\/index.php?rest_route=\/wp\/v2\/pages\/64\/revisions\/93"}],"wp:attachment":[{"href":"https:\/\/www.ajornadadoprotagonista.com.br\/index.php?rest_route=%2Fwp%2Fv2%2Fmedia&parent=64"}],"curies":[{"name":"wp","href":"https:\/\/api.w.org\/{rel}","templated":true}]}}