{"id":8,"date":"2023-10-26T15:33:23","date_gmt":"2023-10-26T18:33:23","guid":{"rendered":"https:\/\/www.ajornadadoprotagonista.com.br\/?page_id=8"},"modified":"2023-10-27T19:30:51","modified_gmt":"2023-10-27T22:30:51","slug":"home","status":"publish","type":"page","link":"https:\/\/www.ajornadadoprotagonista.com.br\/","title":{"rendered":"A Jornada do Protagonista"},"content":{"rendered":"<div class=\"wp-block-image\">\n<figure class=\"aligncenter size-large\"><img  title=\"\" loading=\"lazy\" decoding=\"async\" width=\"1024\" height=\"585\" src=\"http:\/\/www.ajornadadoprotagonista.com.br\/wp-content\/uploads\/2023\/10\/A-definicao-de-insanidade-e-fazer-a-mesma-coisa-repetidamente-e-esperar-resultados-diferentes-1024x585.jpeg\"  alt=\"A-definicao-de-insanidade-e-fazer-a-mesma-coisa-repetidamente-e-esperar-resultados-diferentes-1024x585 A Jornada do Protagonista\"  class=\"wp-image-58\" srcset=\"https:\/\/www.ajornadadoprotagonista.com.br\/wp-content\/uploads\/2023\/10\/A-definicao-de-insanidade-e-fazer-a-mesma-coisa-repetidamente-e-esperar-resultados-diferentes-1024x585.jpeg 1024w, https:\/\/www.ajornadadoprotagonista.com.br\/wp-content\/uploads\/2023\/10\/A-definicao-de-insanidade-e-fazer-a-mesma-coisa-repetidamente-e-esperar-resultados-diferentes-300x171.jpeg 300w, https:\/\/www.ajornadadoprotagonista.com.br\/wp-content\/uploads\/2023\/10\/A-definicao-de-insanidade-e-fazer-a-mesma-coisa-repetidamente-e-esperar-resultados-diferentes-768x439.jpeg 768w, https:\/\/www.ajornadadoprotagonista.com.br\/wp-content\/uploads\/2023\/10\/A-definicao-de-insanidade-e-fazer-a-mesma-coisa-repetidamente-e-esperar-resultados-diferentes-1536x878.jpeg 1536w, https:\/\/www.ajornadadoprotagonista.com.br\/wp-content\/uploads\/2023\/10\/A-definicao-de-insanidade-e-fazer-a-mesma-coisa-repetidamente-e-esperar-resultados-diferentes.jpeg 1792w\" sizes=\"auto, (max-width: 1024px) 100vw, 1024px\" \/><\/figure>\n<\/div>\n\n\n<blockquote class=\"wp-block-quote is-layout-flow wp-block-quote-is-layout-flow\">\n<p><\/p>\n<cite>A defini\u00e7\u00e3o de insanidade \u00e9 fazer a mesma coisa repetidamente e esperar resultados diferentes<\/cite><\/blockquote>\n","protected":false},"excerpt":{"rendered":"<p>A defini\u00e7\u00e3o de insanidade \u00e9 fazer a mesma coisa repetidamente e esperar resultados diferentes<\/p>\n","protected":false},"author":1,"featured_media":0,"parent":0,"menu_order":0,"comment_status":"closed","ping_status":"closed","template":"template-parts\/template-page-full-width.php","meta":{"footnotes":""},"class_list":["post-8","page","type-page","status-publish","hentry"],"yoast_head":"<!-- This site is optimized with the Yoast SEO plugin v21.5 - https:\/\/yoast.com\/wordpress\/plugins\/seo\/ -->\n<title>A Jornada do Protagonista - A Jornada do Protagonista<\/title>\n<meta name=\"robots\" content=\"index, follow, max-snippet:-1, max-image-preview:large, max-video-preview:-1\" \/>\n<link rel=\"canonical\" href=\"https:\/\/www.ajornadadoprotagonista.com.br\/\" \/>\n<meta property=\"og:locale\" content=\"pt_BR\" \/>\n<meta property=\"og:type\" content=\"article\" \/>\n<meta property=\"og:title\" content=\"A Jornada do Protagonista - A Jornada do Protagonista\" \/>\n<meta property=\"og:description\" content=\"A defini\u00e7\u00e3o de insanidade \u00e9 fazer a mesma coisa repetidamente e esperar resultados diferentes\" \/>\n<meta property=\"og:url\" content=\"https:\/\/www.ajornadadoprotagonista.com.br\/\" \/>\n<meta property=\"og:site_name\" content=\"A Jornada do Protagonista\" \/>\n<meta property=\"article:modified_time\" content=\"2023-10-27T22:30:51+00:00\" \/>\n<meta property=\"og:image\" content=\"http:\/\/www.ajornadadoprotagonista.com.br\/wp-content\/uploads\/2023\/10\/A-definicao-de-insanidade-e-fazer-a-mesma-coisa-repetidamente-e-esperar-resultados-diferentes-1024x585.jpeg\" \/>\n<meta name=\"twitter:card\" content=\"summary_large_image\" \/>\n<meta name=\"twitter:label1\" content=\"Est. tempo de leitura\" \/>\n\t<meta name=\"twitter:data1\" content=\"1 minuto\" \/>\n<script type=\"application\/ld+json\" class=\"yoast-schema-graph\">{\"@context\":\"https:\/\/schema.org\",\"@graph\":[{\"@type\":\"WebPage\",\"@id\":\"https:\/\/www.ajornadadoprotagonista.com.br\/\",\"url\":\"https:\/\/www.ajornadadoprotagonista.com.br\/\",\"name\":\"A Jornada do Protagonista - A Jornada do Protagonista\",\"isPartOf\":{\"@id\":\"https:\/\/www.ajornadadoprotagonista.com.br\/#website\"},\"datePublished\":\"2023-10-26T18:33:23+00:00\",\"dateModified\":\"2023-10-27T22:30:51+00:00\",\"breadcrumb\":{\"@id\":\"https:\/\/www.ajornadadoprotagonista.com.br\/#breadcrumb\"},\"inLanguage\":\"pt-BR\",\"potentialAction\":[{\"@type\":\"ReadAction\",\"target\":[\"https:\/\/www.ajornadadoprotagonista.com.br\/\"]}]},{\"@type\":\"BreadcrumbList\",\"@id\":\"https:\/\/www.ajornadadoprotagonista.com.br\/#breadcrumb\",\"itemListElement\":[{\"@type\":\"ListItem\",\"position\":1,\"name\":\"In\u00edcio\",\"item\":\"https:\/\/www.ajornadadoprotagonista.com.br\/\"},{\"@type\":\"ListItem\",\"position\":2,\"name\":\"A Jornada do Protagonista\"}]},{\"@type\":\"WebSite\",\"@id\":\"https:\/\/www.ajornadadoprotagonista.com.br\/#website\",\"url\":\"https:\/\/www.ajornadadoprotagonista.com.br\/\",\"name\":\"A Jornada do Protagonista\",\"description\":\"\",\"publisher\":{\"@id\":\"https:\/\/www.ajornadadoprotagonista.com.br\/#organization\"},\"potentialAction\":[{\"@type\":\"SearchAction\",\"target\":{\"@type\":\"EntryPoint\",\"urlTemplate\":\"https:\/\/www.ajornadadoprotagonista.com.br\/?s={search_term_string}\"},\"query-input\":\"required name=search_term_string\"}],\"inLanguage\":\"pt-BR\"},{\"@type\":\"Organization\",\"@id\":\"https:\/\/www.ajornadadoprotagonista.com.br\/#organization\",\"name\":\"A Jornada do Protagonista\",\"url\":\"https:\/\/www.ajornadadoprotagonista.com.br\/\",\"logo\":{\"@type\":\"ImageObject\",\"inLanguage\":\"pt-BR\",\"@id\":\"https:\/\/www.ajornadadoprotagonista.com.br\/#\/schema\/logo\/image\/\",\"url\":\"https:\/\/www.ajornadadoprotagonista.com.br\/wp-content\/uploads\/2023\/10\/cropped-favicon.webp\",\"contentUrl\":\"https:\/\/www.ajornadadoprotagonista.com.br\/wp-content\/uploads\/2023\/10\/cropped-favicon.webp\",\"width\":512,\"height\":512,\"caption\":\"A Jornada do Protagonista\"},\"image\":{\"@id\":\"https:\/\/www.ajornadadoprotagonista.com.br\/#\/schema\/logo\/image\/\"}}]}<\/script>\n<!-- \/ Yoast SEO plugin. -->","yoast_head_json":{"title":"A Jornada do Protagonista - A Jornada do Protagonista","robots":{"index":"index","follow":"follow","max-snippet":"max-snippet:-1","max-image-preview":"max-image-preview:large","max-video-preview":"max-video-preview:-1"},"canonical":"https:\/\/www.ajornadadoprotagonista.com.br\/","og_locale":"pt_BR","og_type":"article","og_title":"A Jornada do Protagonista - A Jornada do Protagonista","og_description":"A defini\u00e7\u00e3o de insanidade \u00e9 fazer a mesma coisa repetidamente e esperar resultados diferentes","og_url":"https:\/\/www.ajornadadoprotagonista.com.br\/","og_site_name":"A Jornada do Protagonista","article_modified_time":"2023-10-27T22:30:51+00:00","og_image":[{"url":"http:\/\/www.ajornadadoprotagonista.com.br\/wp-content\/uploads\/2023\/10\/A-definicao-de-insanidade-e-fazer-a-mesma-coisa-repetidamente-e-esperar-resultados-diferentes-1024x585.jpeg"}],"twitter_card":"summary_large_image","twitter_misc":{"Est. tempo de leitura":"1 minuto"},"schema":{"@context":"https:\/\/schema.org","@graph":[{"@type":"WebPage","@id":"https:\/\/www.ajornadadoprotagonista.com.br\/","url":"https:\/\/www.ajornadadoprotagonista.com.br\/","name":"A Jornada do Protagonista - A Jornada do Protagonista","isPartOf":{"@id":"https:\/\/www.ajornadadoprotagonista.com.br\/#website"},"datePublished":"2023-10-26T18:33:23+00:00","dateModified":"2023-10-27T22:30:51+00:00","breadcrumb":{"@id":"https:\/\/www.ajornadadoprotagonista.com.br\/#breadcrumb"},"inLanguage":"pt-BR","potentialAction":[{"@type":"ReadAction","target":["https:\/\/www.ajornadadoprotagonista.com.br\/"]}]},{"@type":"BreadcrumbList","@id":"https:\/\/www.ajornadadoprotagonista.com.br\/#breadcrumb","itemListElement":[{"@type":"ListItem","position":1,"name":"In\u00edcio","item":"https:\/\/www.ajornadadoprotagonista.com.br\/"},{"@type":"ListItem","position":2,"name":"A Jornada do Protagonista"}]},{"@type":"WebSite","@id":"https:\/\/www.ajornadadoprotagonista.com.br\/#website","url":"https:\/\/www.ajornadadoprotagonista.com.br\/","name":"A Jornada do Protagonista","description":"","publisher":{"@id":"https:\/\/www.ajornadadoprotagonista.com.br\/#organization"},"potentialAction":[{"@type":"SearchAction","target":{"@type":"EntryPoint","urlTemplate":"https:\/\/www.ajornadadoprotagonista.com.br\/?s={search_term_string}"},"query-input":"required name=search_term_string"}],"inLanguage":"pt-BR"},{"@type":"Organization","@id":"https:\/\/www.ajornadadoprotagonista.com.br\/#organization","name":"A Jornada do Protagonista","url":"https:\/\/www.ajornadadoprotagonista.com.br\/","logo":{"@type":"ImageObject","inLanguage":"pt-BR","@id":"https:\/\/www.ajornadadoprotagonista.com.br\/#\/schema\/logo\/image\/","url":"https:\/\/www.ajornadadoprotagonista.com.br\/wp-content\/uploads\/2023\/10\/cropped-favicon.webp","contentUrl":"https:\/\/www.ajornadadoprotagonista.com.br\/wp-content\/uploads\/2023\/10\/cropped-favicon.webp","width":512,"height":512,"caption":"A Jornada do Protagonista"},"image":{"@id":"https:\/\/www.ajornadadoprotagonista.com.br\/#\/schema\/logo\/image\/"}}]}},"_links":{"self":[{"href":"https:\/\/www.ajornadadoprotagonista.com.br\/index.php?rest_route=\/wp\/v2\/pages\/8","targetHints":{"allow":["GET"]}}],"collection":[{"href":"https:\/\/www.ajornadadoprotagonista.com.br\/index.php?rest_route=\/wp\/v2\/pages"}],"about":[{"href":"https:\/\/www.ajornadadoprotagonista.com.br\/index.php?rest_route=\/wp\/v2\/types\/page"}],"author":[{"embeddable":true,"href":"https:\/\/www.ajornadadoprotagonista.com.br\/index.php?rest_route=\/wp\/v2\/users\/1"}],"replies":[{"embeddable":true,"href":"https:\/\/www.ajornadadoprotagonista.com.br\/index.php?rest_route=%2Fwp%2Fv2%2Fcomments&post=8"}],"version-history":[{"count":7,"href":"https:\/\/www.ajornadadoprotagonista.com.br\/index.php?rest_route=\/wp\/v2\/pages\/8\/revisions"}],"predecessor-version":[{"id":63,"href":"https:\/\/www.ajornadadoprotagonista.com.br\/index.php?rest_route=\/wp\/v2\/pages\/8\/revisions\/63"}],"wp:attachment":[{"href":"https:\/\/www.ajornadadoprotagonista.com.br\/index.php?rest_route=%2Fwp%2Fv2%2Fmedia&parent=8"}],"curies":[{"name":"wp","href":"https:\/\/api.w.org\/{rel}","templated":true}]}}