{"id":92,"date":"2023-11-02T22:59:35","date_gmt":"2023-11-03T01:59:35","guid":{"rendered":"https:\/\/www.ajornadadoprotagonista.com.br\/?page_id=92"},"modified":"2023-11-02T22:59:35","modified_gmt":"2023-11-03T01:59:35","slug":"metodo-shopee-lucrativo","status":"publish","type":"page","link":"https:\/\/www.ajornadadoprotagonista.com.br\/?page_id=92","title":{"rendered":"Descubra o Segredo do Sucesso na Shopee com o M\u00e9todo Shopee Lucrativo"},"content":{"rendered":"\n<p>No din\u00e2mico mundo do e-commerce, a Shopee se destaca como uma plataforma que tem transformado a vida de muitos empreendedores digitais. E entre esses empreendedores, uma figura brilha com luz pr\u00f3pria: Prisciane Pereira, ou &#8220;Pri&#8221;, como \u00e9 carinhosamente conhecida por seus mais de 200 mil seguidores no Instagram. Nomeada como uma das influenciadoras oficiais da Shopee, Pri \u00e9 a prova viva de que com estrat\u00e9gia e dedica\u00e7\u00e3o, \u00e9 poss\u00edvel alcan\u00e7ar o sucesso.<\/p>\n\n\n\n<figure class=\"wp-block-image size-full\"><a href=\"https:\/\/kiwify.app\/CKgkzBN?afid=nq9pFehk\" target=\"_blank\" rel=\"noreferrer noopener\"><img  title=\"\" loading=\"lazy\" decoding=\"async\" width=\"886\" height=\"789\" src=\"https:\/\/www.ajornadadoprotagonista.com.br\/wp-content\/uploads\/2023\/10\/Screenshot_20231027_201036.png\"  alt=\"Screenshot_20231027_201036 Descubra o Segredo do Sucesso na Shopee com o M\u00e9todo Shopee Lucrativo\"  class=\"wp-image-70\" srcset=\"https:\/\/www.ajornadadoprotagonista.com.br\/wp-content\/uploads\/2023\/10\/Screenshot_20231027_201036.png 886w, https:\/\/www.ajornadadoprotagonista.com.br\/wp-content\/uploads\/2023\/10\/Screenshot_20231027_201036-300x267.png 300w, https:\/\/www.ajornadadoprotagonista.com.br\/wp-content\/uploads\/2023\/10\/Screenshot_20231027_201036-768x684.png 768w\" sizes=\"auto, (max-width: 886px) 100vw, 886px\" \/><\/a><\/figure>\n\n\n\n<p>Mas quem v\u00ea a Pri de hoje, empres\u00e1ria bem-sucedida que j\u00e1 faturou mais de 1 milh\u00e3o e meio de reais nos \u00faltimos dois anos, n\u00e3o imagina as voltas que a vida deu at\u00e9 ela chegar aqui. H\u00e1 menos de tr\u00eas anos, Pri estava em um emprego CLT, sonhando com uma vida que lhe permitisse mais tempo para estar com sua filha e mais liberdade para gerir seu pr\u00f3prio tempo.<\/p>\n\n\n\n<p>Foi ent\u00e3o que Pri descobriu uma forma \u00fanica de ganhar dinheiro de casa, um m\u00e9todo que n\u00e3o s\u00f3 permitiu que ela deixasse seu emprego como tamb\u00e9m a transformou em uma refer\u00eancia no mercado digital. E agora, ela decidiu que \u00e9 hora de compartilhar esse conhecimento. \u00c9 aqui que entra o M\u00e9todo Shopee Lucrativo.<\/p>\n\n\n\n<p>O M\u00e9todo Shopee Lucrativo n\u00e3o \u00e9 apenas um curso, \u00e9 uma passagem para um novo estilo de vida. Pri vai compartilhar com voc\u00ea as estrat\u00e9gias que ela mesma usou para construir seu imp\u00e9rio digital. Voc\u00ea vai aprender como identificar oportunidades de mercado, como otimizar suas vendas e, o mais importante, como fazer tudo isso de sua casa, perto daqueles que ama e sem abrir m\u00e3o da sua liberdade.<\/p>\n\n\n\n<p>Este curso \u00e9 para voc\u00ea que est\u00e1 cansado de n\u00e3o ter controle sobre seu tempo e seu dinheiro. \u00c9 para voc\u00ea que sonha em empreender, mas n\u00e3o sabe por onde come\u00e7ar. \u00c9 para voc\u00ea que j\u00e1 tem uma loja na Shopee, mas quer levar suas vendas a um novo patamar. Com o M\u00e9todo Shopee Lucrativo, voc\u00ea ter\u00e1 acesso a um conte\u00fado exclusivo que vai te mostrar o caminho para ser um empreendedor de sucesso na Shopee.<\/p>\n\n\n\n<p>N\u00e3o perca a chance de aprender com quem realmente entende do assunto. Afinal, n\u00e3o \u00e9 todo dia que temos a oportunidade de ser guiados por algu\u00e9m que construiu um neg\u00f3cio de sucesso do zero e est\u00e1 disposto a revelar seus segredos. O M\u00e9todo Shopee Lucrativo \u00e9 a sua chance de transformar sua vida financeira e pessoal.<\/p>\n\n\n\n<p>Prepare-se para embarcar em uma jornada de aprendizado, crescimento e, claro, muita lucratividade. A Pri est\u00e1 pronta para te levar nessa aventura. E voc\u00ea, est\u00e1 pronto para ser o pr\u00f3ximo sucesso da Shopee?<\/p>\n\n\n\n<p>Clique na imagem acima ou no link <a href=\"https:\/\/kiwify.app\/CKgkzBN?afid=nq9pFehk\" target=\"_blank\" rel=\"noreferrer noopener sponsored nofollow\">aqui<\/a> para saber mais.<\/p>\n\n\n\n<h2 class=\"wp-block-heading\">Continue nos acompanhando neste novo <a href=\"https:\/\/www.ajornadadoprotagonista.com.br\">site<\/a>, na nossa p\u00e1gina do Facebook, e em nosso Instagram <a href=\"https:\/\/www.instagram.com\/ajornadadoprotagonista\/\" target=\"_blank\" rel=\"noreferrer noopener\">@ajornadadoprotagonista<\/a>.<\/h2>\n\n\n\n<h2 class=\"wp-block-heading\">Produtos Patrocinados<\/h2>\n\n\n\n<figure class=\"wp-block-image size-full is-resized\"><a href=\"https:\/\/www.amazon.com.br\/Apple-iPhone-15-128-GB\/dp\/B0CHXLC666\/ref=cs_sr_dp_5?__mk_pt_BR=%EF%BF%BDM%EF%BF%BD%7D%EF%BF%BD%EF%BF%BD&amp;keywords=iphone+15&amp;refinements=p_89%3AApple&amp;rnid=18120432011&amp;s=electronics&amp;sr=1-1&amp;ufe=app_do%3Aamzn1.fos.95de73c3-5dda-43a7-bd1f-63af03b14751&amp;_encoding=UTF8&amp;tag=gomesdevanaly-20&amp;linkCode=ur2&amp;linkId=ea4d88521f6e8a2a691396f176b68996&amp;camp=1789&amp;creative=9325(abrir em uma nova aba)amazon.com.br\/Apple-iPhone-15-128-GB\/dp\/B0CHXLC666\/ref=cs_sr_dp_5?__mk_pt_BR=%EF%BF%BDM%EF%BF%BD%7D%EF%BF%BD%EF%BF%BD&amp;keywords=iphone+15&amp;refinements=p_89%3AApple&amp;rnid=18120432011&amp;s=electronics&amp;sr=1-1&amp;ufe=app_do%3Aamzn1.fos.95de73c3-5dda-43a7-bd1f-63af03b14751&amp;_encoding=UTF8&amp;tag=gomesdevanaly-20&amp;linkCode=ur2&amp;linkId=ea4d88521f6e8a2a691396f176b68996&amp;camp=1789&amp;creative=9325\" target=\"_blank\" rel=\"noreferrer noopener\"><img  title=\"\" loading=\"lazy\" decoding=\"async\" width=\"496\" height=\"648\" src=\"https:\/\/www.ajornadadoprotagonista.com.br\/wp-content\/uploads\/2023\/10\/iphone15_128GB.jpg\"  alt=\"iphone15_128GB Descubra o Segredo do Sucesso na Shopee com o M\u00e9todo Shopee Lucrativo\"  class=\"wp-image-72\" style=\"aspect-ratio:0.7654320987654321;width:152px;height:auto\" srcset=\"https:\/\/www.ajornadadoprotagonista.com.br\/wp-content\/uploads\/2023\/10\/iphone15_128GB.jpg 496w, https:\/\/www.ajornadadoprotagonista.com.br\/wp-content\/uploads\/2023\/10\/iphone15_128GB-230x300.jpg 230w\" sizes=\"auto, (max-width: 496px) 100vw, 496px\" \/><\/a><\/figure>\n\n\n\n<p><a href=\"https:\/\/www.amazon.com.br\/Apple-iPhone-15-128-GB\/dp\/B0CHXLC666\/ref=cs_sr_dp_5?__mk_pt_BR=%25EF%25BF%25BDM%25EF%25BF%25BD%257D%25EF%25BF%25BD%25EF%25BF%25BD&amp;keywords=iphone+15&amp;refinements=p_89%253AApple&amp;rnid=18120432011&amp;s=electronics&amp;sr=1-1&amp;ufe=app_do%253Aamzn1.fos.95de73c3-5dda-43a7-bd1f-63af03b14751&amp;_encoding=UTF8&amp;tag=gomesdevanaly-20&amp;linkCode=ur2&amp;linkId=ea4d88521f6e8a2a691396f176b68996&amp;camp=1789&amp;creative=9325\" target=\"_blank\" rel=\"noreferrer noopener sponsored nofollow\">IPhone 15 128GB<\/a><\/p>\n","protected":false},"excerpt":{"rendered":"<p>No din\u00e2mico mundo do e-commerce, a Shopee se destaca como uma plataforma que tem transformado a vida de muitos empreendedores digitais. E entre esses empreendedores, uma figura brilha com luz pr\u00f3pria: Prisciane Pereira, ou &#8220;Pri&#8221;, como \u00e9 carinhosamente conhecida por seus mais de 200 mil seguidores no Instagram. Nomeada como uma das influenciadoras oficiais da [&hellip;]<\/p>\n","protected":false},"author":1,"featured_media":0,"parent":0,"menu_order":0,"comment_status":"closed","ping_status":"closed","template":"template-parts\/template-page-full-width.php","meta":{"footnotes":""},"class_list":["post-92","page","type-page","status-publish","hentry"],"yoast_head":"<!-- This site is optimized with the Yoast SEO plugin v21.5 - https:\/\/yoast.com\/wordpress\/plugins\/seo\/ -->\n<title>Descubra o Segredo do Sucesso na Shopee com o M\u00e9todo Shopee Lucrativo - A Jornada do Protagonista<\/title>\n<meta name=\"description\" content=\"O curso &quot;M\u00e9todo Shopee Lucrativo&quot; oferecido por Prisciane Pereira \u00e9 voltado para indiv\u00edduos que desejam aprender a monetizar suas atividades na plataforma Shopee.\" \/>\n<meta name=\"robots\" content=\"index, follow, max-snippet:-1, max-image-preview:large, max-video-preview:-1\" \/>\n<link rel=\"canonical\" href=\"https:\/\/www.ajornadadoprotagonista.com.br\/?page_id=92\" \/>\n<meta property=\"og:locale\" content=\"pt_BR\" \/>\n<meta property=\"og:type\" content=\"article\" \/>\n<meta property=\"og:title\" content=\"Descubra o Segredo do Sucesso na Shopee com o M\u00e9todo Shopee Lucrativo - A Jornada do Protagonista\" \/>\n<meta property=\"og:description\" content=\"O curso &quot;M\u00e9todo Shopee Lucrativo&quot; oferecido por Prisciane Pereira \u00e9 voltado para indiv\u00edduos que desejam aprender a monetizar suas atividades na plataforma Shopee.\" \/>\n<meta property=\"og:url\" content=\"https:\/\/www.ajornadadoprotagonista.com.br\/?page_id=92\" \/>\n<meta property=\"og:site_name\" content=\"A Jornada do Protagonista\" \/>\n<meta property=\"og:image\" content=\"https:\/\/www.ajornadadoprotagonista.com.br\/wp-content\/uploads\/2023\/10\/Screenshot_20231027_201036.png\" \/>\n<meta name=\"twitter:card\" content=\"summary_large_image\" \/>\n<meta name=\"twitter:label1\" content=\"Est. tempo de leitura\" \/>\n\t<meta name=\"twitter:data1\" content=\"3 minutos\" \/>\n<script type=\"application\/ld+json\" class=\"yoast-schema-graph\">{\"@context\":\"https:\/\/schema.org\",\"@graph\":[{\"@type\":\"WebPage\",\"@id\":\"https:\/\/www.ajornadadoprotagonista.com.br\/?page_id=92\",\"url\":\"https:\/\/www.ajornadadoprotagonista.com.br\/?page_id=92\",\"name\":\"Descubra o Segredo do Sucesso na Shopee com o M\u00e9todo Shopee Lucrativo - A Jornada do Protagonista\",\"isPartOf\":{\"@id\":\"https:\/\/www.ajornadadoprotagonista.com.br\/#website\"},\"datePublished\":\"2023-11-03T01:59:35+00:00\",\"dateModified\":\"2023-11-03T01:59:35+00:00\",\"description\":\"O curso \\\"M\u00e9todo Shopee Lucrativo\\\" oferecido por Prisciane Pereira \u00e9 voltado para indiv\u00edduos que desejam aprender a monetizar suas atividades na plataforma Shopee.\",\"breadcrumb\":{\"@id\":\"https:\/\/www.ajornadadoprotagonista.com.br\/?page_id=92#breadcrumb\"},\"inLanguage\":\"pt-BR\",\"potentialAction\":[{\"@type\":\"ReadAction\",\"target\":[\"https:\/\/www.ajornadadoprotagonista.com.br\/?page_id=92\"]}]},{\"@type\":\"BreadcrumbList\",\"@id\":\"https:\/\/www.ajornadadoprotagonista.com.br\/?page_id=92#breadcrumb\",\"itemListElement\":[{\"@type\":\"ListItem\",\"position\":1,\"name\":\"In\u00edcio\",\"item\":\"https:\/\/www.ajornadadoprotagonista.com.br\/\"},{\"@type\":\"ListItem\",\"position\":2,\"name\":\"Descubra o Segredo do Sucesso na Shopee com o M\u00e9todo Shopee Lucrativo\"}]},{\"@type\":\"WebSite\",\"@id\":\"https:\/\/www.ajornadadoprotagonista.com.br\/#website\",\"url\":\"https:\/\/www.ajornadadoprotagonista.com.br\/\",\"name\":\"A Jornada do Protagonista\",\"description\":\"\",\"publisher\":{\"@id\":\"https:\/\/www.ajornadadoprotagonista.com.br\/#organization\"},\"potentialAction\":[{\"@type\":\"SearchAction\",\"target\":{\"@type\":\"EntryPoint\",\"urlTemplate\":\"https:\/\/www.ajornadadoprotagonista.com.br\/?s={search_term_string}\"},\"query-input\":\"required name=search_term_string\"}],\"inLanguage\":\"pt-BR\"},{\"@type\":\"Organization\",\"@id\":\"https:\/\/www.ajornadadoprotagonista.com.br\/#organization\",\"name\":\"A Jornada do Protagonista\",\"url\":\"https:\/\/www.ajornadadoprotagonista.com.br\/\",\"logo\":{\"@type\":\"ImageObject\",\"inLanguage\":\"pt-BR\",\"@id\":\"https:\/\/www.ajornadadoprotagonista.com.br\/#\/schema\/logo\/image\/\",\"url\":\"https:\/\/www.ajornadadoprotagonista.com.br\/wp-content\/uploads\/2023\/10\/cropped-favicon.webp\",\"contentUrl\":\"https:\/\/www.ajornadadoprotagonista.com.br\/wp-content\/uploads\/2023\/10\/cropped-favicon.webp\",\"width\":512,\"height\":512,\"caption\":\"A Jornada do Protagonista\"},\"image\":{\"@id\":\"https:\/\/www.ajornadadoprotagonista.com.br\/#\/schema\/logo\/image\/\"}}]}<\/script>\n<!-- \/ Yoast SEO plugin. -->","yoast_head_json":{"title":"Descubra o Segredo do Sucesso na Shopee com o M\u00e9todo Shopee Lucrativo - A Jornada do Protagonista","description":"O curso \"M\u00e9todo Shopee Lucrativo\" oferecido por Prisciane Pereira \u00e9 voltado para indiv\u00edduos que desejam aprender a monetizar suas atividades na plataforma Shopee.","robots":{"index":"index","follow":"follow","max-snippet":"max-snippet:-1","max-image-preview":"max-image-preview:large","max-video-preview":"max-video-preview:-1"},"canonical":"https:\/\/www.ajornadadoprotagonista.com.br\/?page_id=92","og_locale":"pt_BR","og_type":"article","og_title":"Descubra o Segredo do Sucesso na Shopee com o M\u00e9todo Shopee Lucrativo - A Jornada do Protagonista","og_description":"O curso \"M\u00e9todo Shopee Lucrativo\" oferecido por Prisciane Pereira \u00e9 voltado para indiv\u00edduos que desejam aprender a monetizar suas atividades na plataforma Shopee.","og_url":"https:\/\/www.ajornadadoprotagonista.com.br\/?page_id=92","og_site_name":"A Jornada do Protagonista","og_image":[{"url":"https:\/\/www.ajornadadoprotagonista.com.br\/wp-content\/uploads\/2023\/10\/Screenshot_20231027_201036.png"}],"twitter_card":"summary_large_image","twitter_misc":{"Est. tempo de leitura":"3 minutos"},"schema":{"@context":"https:\/\/schema.org","@graph":[{"@type":"WebPage","@id":"https:\/\/www.ajornadadoprotagonista.com.br\/?page_id=92","url":"https:\/\/www.ajornadadoprotagonista.com.br\/?page_id=92","name":"Descubra o Segredo do Sucesso na Shopee com o M\u00e9todo Shopee Lucrativo - A Jornada do Protagonista","isPartOf":{"@id":"https:\/\/www.ajornadadoprotagonista.com.br\/#website"},"datePublished":"2023-11-03T01:59:35+00:00","dateModified":"2023-11-03T01:59:35+00:00","description":"O curso \"M\u00e9todo Shopee Lucrativo\" oferecido por Prisciane Pereira \u00e9 voltado para indiv\u00edduos que desejam aprender a monetizar suas atividades na plataforma Shopee.","breadcrumb":{"@id":"https:\/\/www.ajornadadoprotagonista.com.br\/?page_id=92#breadcrumb"},"inLanguage":"pt-BR","potentialAction":[{"@type":"ReadAction","target":["https:\/\/www.ajornadadoprotagonista.com.br\/?page_id=92"]}]},{"@type":"BreadcrumbList","@id":"https:\/\/www.ajornadadoprotagonista.com.br\/?page_id=92#breadcrumb","itemListElement":[{"@type":"ListItem","position":1,"name":"In\u00edcio","item":"https:\/\/www.ajornadadoprotagonista.com.br\/"},{"@type":"ListItem","position":2,"name":"Descubra o Segredo do Sucesso na Shopee com o M\u00e9todo Shopee Lucrativo"}]},{"@type":"WebSite","@id":"https:\/\/www.ajornadadoprotagonista.com.br\/#website","url":"https:\/\/www.ajornadadoprotagonista.com.br\/","name":"A Jornada do Protagonista","description":"","publisher":{"@id":"https:\/\/www.ajornadadoprotagonista.com.br\/#organization"},"potentialAction":[{"@type":"SearchAction","target":{"@type":"EntryPoint","urlTemplate":"https:\/\/www.ajornadadoprotagonista.com.br\/?s={search_term_string}"},"query-input":"required name=search_term_string"}],"inLanguage":"pt-BR"},{"@type":"Organization","@id":"https:\/\/www.ajornadadoprotagonista.com.br\/#organization","name":"A Jornada do Protagonista","url":"https:\/\/www.ajornadadoprotagonista.com.br\/","logo":{"@type":"ImageObject","inLanguage":"pt-BR","@id":"https:\/\/www.ajornadadoprotagonista.com.br\/#\/schema\/logo\/image\/","url":"https:\/\/www.ajornadadoprotagonista.com.br\/wp-content\/uploads\/2023\/10\/cropped-favicon.webp","contentUrl":"https:\/\/www.ajornadadoprotagonista.com.br\/wp-content\/uploads\/2023\/10\/cropped-favicon.webp","width":512,"height":512,"caption":"A Jornada do Protagonista"},"image":{"@id":"https:\/\/www.ajornadadoprotagonista.com.br\/#\/schema\/logo\/image\/"}}]}},"_links":{"self":[{"href":"https:\/\/www.ajornadadoprotagonista.com.br\/index.php?rest_route=\/wp\/v2\/pages\/92","targetHints":{"allow":["GET"]}}],"collection":[{"href":"https:\/\/www.ajornadadoprotagonista.com.br\/index.php?rest_route=\/wp\/v2\/pages"}],"about":[{"href":"https:\/\/www.ajornadadoprotagonista.com.br\/index.php?rest_route=\/wp\/v2\/types\/page"}],"author":[{"embeddable":true,"href":"https:\/\/www.ajornadadoprotagonista.com.br\/index.php?rest_route=\/wp\/v2\/users\/1"}],"replies":[{"embeddable":true,"href":"https:\/\/www.ajornadadoprotagonista.com.br\/index.php?rest_route=%2Fwp%2Fv2%2Fcomments&post=92"}],"version-history":[{"count":1,"href":"https:\/\/www.ajornadadoprotagonista.com.br\/index.php?rest_route=\/wp\/v2\/pages\/92\/revisions"}],"predecessor-version":[{"id":94,"href":"https:\/\/www.ajornadadoprotagonista.com.br\/index.php?rest_route=\/wp\/v2\/pages\/92\/revisions\/94"}],"wp:attachment":[{"href":"https:\/\/www.ajornadadoprotagonista.com.br\/index.php?rest_route=%2Fwp%2Fv2%2Fmedia&parent=92"}],"curies":[{"name":"wp","href":"https:\/\/api.w.org\/{rel}","templated":true}]}}